{"id":614,"date":"2018-01-31T11:49:17","date_gmt":"2018-01-31T10:49:17","guid":{"rendered":"https:\/\/www.nuovamazzucchelli.com\/?page_id=614"},"modified":"2018-04-10T11:20:13","modified_gmt":"2018-04-10T10:20:13","slug":"produzione-bielle-e-alberi-motore","status":"publish","type":"page","link":"https:\/\/www.nuovamazzucchelli.com\/de_DE\/produzione-bielle-e-alberi-motore\/","title":{"rendered":"Produktion"},"content":{"rendered":"<p>[vc_row full_width=&#8221;stretch_row&#8221; css=&#8221;.vc_custom_1473835162760{padding-bottom: 6% !important;}&#8221; el_class=&#8221;services-section1&#8243;][vc_column][vc_row_inner][vc_column_inner width=&#8221;1\/4&#8243;][vc_custom_heading text=&#8221;KURBELWELLEN&#8221; font_container=&#8221;tag:h3|text_align:center&#8221; use_theme_fonts=&#8221;yes&#8221;]<div class=\"ult-new-ib ult-ib-effect-style1  ult-ib-resp   vc_custom_1517507396185\" data-min-width=\"768\" data-max-width=\"900\" style=\"background:#0a0a0a;\" data-opacity=\"1\" data-hover-opacity=\"1\" ><img decoding=\"async\" class=\"ult-new-ib-img\" style=\"opacity:1;\" alt=\"null\" src=\"https:\/\/www.nuovamazzucchelli.com\/wp-content\/uploads\/2018\/02\/albero-motore.jpg\"   \/><div id=\"interactive-banner-wrap-8330\" class=\"ult-new-ib-desc\" style=\"\"><h2 class=\"ult-new-ib-title ult-responsive\"  data-ultimate-target='#interactive-banner-wrap-8330 .ult-new-ib-title'  data-responsive-json-new='{\"font-size\":\"\",\"line-height\":\"\"}'  style=\"font-weight:normal;\"><\/h2><\/div><\/div><script type=\"text\/javascript\">\r\n\t\t\t(function($){\r\n\t\t\t\t$(document).ready(function(){\r\n\t\t\t\t\t$(\".ult-new-ib\").css(\"opacity\",\"1\");\r\n\t\t\t\t});\r\n\t\t\t})(jQuery);\r\n\t\t\t<\/script>[vc_column_text css=&#8221;.vc_custom_1523354739160{margin-bottom: 25px !important;}&#8221;]<\/p>\n<p style=\"text-align: center;\">Unsere Produktion ist spezialisiert auf ersatzteilen fur motorrader: kurbelwellen.\u00a0Ersatzteile f\u00fcr Motorr\u00e4der und andere Anwendungsbereiche<\/p>\n<p>[\/vc_column_text][\/vc_column_inner][vc_column_inner width=&#8221;1\/4&#8243;][vc_custom_heading text=&#8221;PLEUEL&#8221; font_container=&#8221;tag:h3|text_align:center&#8221; use_theme_fonts=&#8221;yes&#8221;]<div class=\"ult-new-ib ult-ib-effect-style1  ult-ib-resp   vc_custom_1517508038393\" data-min-width=\"768\" data-max-width=\"900\" style=\"background:#0a0a0a;\" data-opacity=\"1\" data-hover-opacity=\"1\" ><img decoding=\"async\" class=\"ult-new-ib-img\" style=\"opacity:1;\" alt=\"null\" src=\"https:\/\/www.nuovamazzucchelli.com\/wp-content\/uploads\/2018\/02\/bielle.jpg\"   \/><div id=\"interactive-banner-wrap-9789\" class=\"ult-new-ib-desc\" style=\"\"><h2 class=\"ult-new-ib-title ult-responsive\"  data-ultimate-target='#interactive-banner-wrap-9789 .ult-new-ib-title'  data-responsive-json-new='{\"font-size\":\"\",\"line-height\":\"\"}'  style=\"font-weight:normal;\"><\/h2><\/div><\/div><script type=\"text\/javascript\">\r\n\t\t\t(function($){\r\n\t\t\t\t$(document).ready(function(){\r\n\t\t\t\t\t$(\".ult-new-ib\").css(\"opacity\",\"1\");\r\n\t\t\t\t});\r\n\t\t\t})(jQuery);\r\n\t\t\t<\/script>[vc_column_text css=&#8221;.vc_custom_1523354784451{margin-bottom: 25px !important;}&#8221;]<\/p>\n<p style=\"text-align: center;\">Wir besch\u00e4ftigen uns seit mehreren Jahren mit der Herstellung von Pleuelstangen und sind ein sehr wettbewerbsf\u00e4higes und flexibles Unternehmen in der Produktion<\/p>\n<p>[\/vc_column_text][\/vc_column_inner][vc_column_inner width=&#8221;1\/4&#8243;][vc_custom_heading text=&#8221;Anwendungsbereiche&#8221; font_container=&#8221;tag:h3|text_align:center&#8221; use_theme_fonts=&#8221;yes&#8221;]<div class=\"ult-new-ib ult-ib-effect-style1  ult-ib-resp   vc_custom_1517508394249\" data-min-width=\"768\" data-max-width=\"900\" style=\"background:#0a0a0a;\" data-opacity=\"1\" data-hover-opacity=\"1\" ><img decoding=\"async\" class=\"ult-new-ib-img\" style=\"opacity:1;\" alt=\"null\" src=\"https:\/\/www.nuovamazzucchelli.com\/wp-content\/uploads\/2018\/02\/produzione-bielle.jpg\"   \/><div id=\"interactive-banner-wrap-6931\" class=\"ult-new-ib-desc\" style=\"\"><h2 class=\"ult-new-ib-title ult-responsive\"  data-ultimate-target='#interactive-banner-wrap-6931 .ult-new-ib-title'  data-responsive-json-new='{\"font-size\":\"\",\"line-height\":\"\"}'  style=\"font-weight:normal;\"><\/h2><\/div><\/div><script type=\"text\/javascript\">\r\n\t\t\t(function($){\r\n\t\t\t\t$(document).ready(function(){\r\n\t\t\t\t\t$(\".ult-new-ib\").css(\"opacity\",\"1\");\r\n\t\t\t\t});\r\n\t\t\t})(jQuery);\r\n\t\t\t<\/script>[vc_column_text css=&#8221;.vc_custom_1523354866046{margin-bottom: 25px !important;}&#8221;]<\/p>\n<p style=\"text-align: center;\">Nuova Mazzucchelli ist heute ein wirklicher Ansprechpartner f\u00fcr die Produktion von Motorwellen und Pleuelstangen f\u00fcr alle endothermen Ein- und Mehrzylindermotoren f\u00fcr die Motorbranche, landwirtschaftliche Motoren, Bootsmotoren und alle sonstigen Anwendungsbereiche.<\/p>\n<p>[\/vc_column_text][\/vc_column_inner][vc_column_inner width=&#8221;1\/4&#8243;][vc_custom_heading text=&#8221;PRODUKTION&#8221; font_container=&#8221;tag:h3|text_align:center&#8221; use_theme_fonts=&#8221;yes&#8221;]<div class=\"ult-new-ib ult-ib-effect-style1  ult-ib-resp   vc_custom_1517509333849\" data-min-width=\"768\" data-max-width=\"900\" style=\"background:#0a0a0a;\" data-opacity=\"1\" data-hover-opacity=\"1\" ><img decoding=\"async\" class=\"ult-new-ib-img\" style=\"opacity:1;\" alt=\"null\" src=\"https:\/\/www.nuovamazzucchelli.com\/wp-content\/uploads\/2018\/02\/vespa.jpg\"   \/><div id=\"interactive-banner-wrap-6500\" class=\"ult-new-ib-desc\" style=\"\"><h2 class=\"ult-new-ib-title ult-responsive\"  data-ultimate-target='#interactive-banner-wrap-6500 .ult-new-ib-title'  data-responsive-json-new='{\"font-size\":\"\",\"line-height\":\"\"}'  style=\"font-weight:normal;\"><\/h2><\/div><\/div><script type=\"text\/javascript\">\r\n\t\t\t(function($){\r\n\t\t\t\t$(document).ready(function(){\r\n\t\t\t\t\t$(\".ult-new-ib\").css(\"opacity\",\"1\");\r\n\t\t\t\t});\r\n\t\t\t})(jQuery);\r\n\t\t\t<\/script>[vc_column_text css=&#8221;.vc_custom_1523354898568{margin-bottom: 25px !important;}&#8221;]<\/p>\n<p style=\"text-align: center;\">Unser technisches Team ist stolz darauf, jederzeit ma\u00dfgeschneiderte L\u00f6sungen anbieten zu k\u00f6nnen, um auch anspruchsvollsten Anforderungen gerecht zu werden und unterst\u00fctzt den Kunden bei der Entwicklung von Prototypen mit Hubraum bis 600 cm3.<\/p>\n<p>[\/vc_column_text][\/vc_column_inner][\/vc_row_inner][\/vc_column][\/vc_row][vc_row full_width=&#8221;stretch_row_content_no_spaces&#8221; bg_type=&#8221;image&#8221; parallax_style=&#8221;vcpb-default&#8221; enable_overlay=&#8221;enable_overlay_value&#8221; overlay_color=&#8221;#97012e&#8221; el_class=&#8221;services-section2&#8243; css=&#8221;.vc_custom_1472814052717{background-color: #97012e !important;background-position: 0 0 !important;background-repeat: no-repeat !important;}&#8221;][vc_column width=&#8221;1\/2&#8243; css=&#8221;.vc_custom_1472794238573{padding-left: 40px !important;}&#8221; el_class=&#8221;right-txt&#8221;]<div class=\"ult-spacer spacer-69ef657267b92\" data-id=\"69ef657267b92\" data-height=\"60\" data-height-mobile=\"60\" data-height-tab=\"60\" data-height-tab-portrait=\"\" data-height-mobile-landscape=\"\" style=\"clear:both;display:block;\"><\/div>[vc_custom_heading text=&#8221;Qualit\u00e4t und Professionalit\u00e4t&#8221; font_container=&#8221;tag:h2|text_align:left|color:%23ffffff&#8221; use_theme_fonts=&#8221;yes&#8221;][vc_column_text css=&#8221;.vc_custom_1523355019691{margin-bottom: 25px !important;}&#8221; el_class=&#8221;color-white&#8221;]<\/p>\n<p style=\"text-align: justify;\">L\u00f6sungen, die auf absolute Qualit\u00e4t abzielen.<br \/>\nDies im Hinblick auf das Endprodukt, auf den Herstellungsprozess und die Zuverl\u00e4ssigkeit unserer Leistungen.<br \/>\nDie Konstanten, die den gesamten Produktionsprozess durchziehen, sind Pr\u00e4zision und Qualit\u00e4tssicherung auf jeder Ebene, sowohl im Hinblick auf das Endprodukt, als auch auf zul\u00e4ssigen Service.<br \/>\nModernste Fertigungstechniken f\u00fcr die Herstellung der mechanischen Teile werden bei Nuova Mazzucchelli durch handwerkliches, individuell auf den Kunden zugeschnittenes Finish erg\u00e4nzt. Dank unserer Erfahrung sind wir in der Lage, unsere Fertigung den unterschiedlichen Anspr\u00fcchen der Kunden anzugleichen, wobei in jedem Fall absolute Zuverl\u00e4ssigkeit f\u00fcr jede Anwendung gew\u00e4hrleistet wird, da nur modernste Werkstoffe verarbeitet werden und wir uns auf langj\u00e4hrige Erfahrung bei der Herstellung von Motorwellen berufen k\u00f6nnen. Die extreme Flexibilit\u00e4t des Produktionszyklus gestattet zudem die Herstellung kleinerer und gr\u00f6\u00dferer Mengen. Unser technisches Team ist stolz darauf, jederzeit ma\u00dfgeschneiderte L\u00f6sungen anbieten zu k\u00f6nnen, um auch anspruchsvollsten Anforderungen gerecht zu werden und unterst\u00fctzt den Kunden bei der Entwicklung von Prototypen mit Hubraum bis 600 cm3.<\/p>\n<p>[\/vc_column_text]<div class=\"ult-spacer spacer-69ef657267ba7\" data-id=\"69ef657267ba7\" data-height=\"10\" data-height-mobile=\"10\" data-height-tab=\"10\" data-height-tab-portrait=\"\" data-height-mobile-landscape=\"\" style=\"clear:both;display:block;\"><\/div>[vc_row_inner el_class=&#8221;services-section-advt&#8221;][vc_column_inner width=&#8221;1\/2&#8243;][vc_custom_heading text=&#8221;STARKE PUNKTE&#8221; font_container=&#8221;tag:h3|text_align:left|color:%23fed557&#8243; use_theme_fonts=&#8221;yes&#8221;]<div class=\"uavc-list-icon uavc-list-icon-wrapper ult-adjust-bottom-margin   \"><ul class=\"uavc-list\"><li><div class=\"uavc-list-content\" id=\"list-icon-wrap-7551\">\n<div class=\"uavc-list-icon  \" data-animation=\"\" data-animation-delay=\"03\" style=\"margin-right:15px;\"><div class=\"ult-just-icon-wrapper  \"><div class=\"align-icon\" style=\"text-align:center;\">\n<div class=\"aio-icon none \"  style=\"color:#ffffff;font-size:14px;display:inline-block;\">\n\t<i class=\"Defaults-star-o\"><\/i>\n<\/div><\/div><\/div>\n<\/div><span  data-ultimate-target='#list-icon-wrap-7551 .uavc-list-desc'  data-responsive-json-new='{\"font-size\":\"\",\"line-height\":\"\"}'  class=\"uavc-list-desc ult-responsive\" style=\"color:#ffffff;\">Hohe Qualit\u00e4t des Produkts<\/span><\/div><\/li><li><div class=\"uavc-list-content\" id=\"list-icon-wrap-5016\">\n<div class=\"uavc-list-icon  \" data-animation=\"\" data-animation-delay=\"03\" style=\"margin-right:15px;\"><div class=\"ult-just-icon-wrapper  \"><div class=\"align-icon\" style=\"text-align:center;\">\n<div class=\"aio-icon none \"  style=\"color:#ffffff;font-size:14px;display:inline-block;\">\n\t<i class=\"Defaults-volume-up\"><\/i>\n<\/div><\/div><\/div>\n<\/div><span  data-ultimate-target='#list-icon-wrap-5016 .uavc-list-desc'  data-responsive-json-new='{\"font-size\":\"\",\"line-height\":\"\"}'  class=\"uavc-list-desc ult-responsive\" style=\"color:#ffffff;\">Erfahrung und Professionalit\u00e4t<\/span><\/div><\/li><li><div class=\"uavc-list-content\" id=\"list-icon-wrap-9875\">\n<div class=\"uavc-list-icon  \" data-animation=\"\" data-animation-delay=\"03\" style=\"margin-right:15px;\"><div class=\"ult-just-icon-wrapper  \"><div class=\"align-icon\" style=\"text-align:center;\">\n<div class=\"aio-icon none \"  style=\"color:#ffffff;font-size:14px;display:inline-block;\">\n\t<i class=\"Defaults-download\"><\/i>\n<\/div><\/div><\/div>\n<\/div><span  data-ultimate-target='#list-icon-wrap-9875 .uavc-list-desc'  data-responsive-json-new='{\"font-size\":\"\",\"line-height\":\"\"}'  class=\"uavc-list-desc ult-responsive\" style=\"color:#ffffff;\">Produktanpassung<\/span><\/div><\/li><\/ul><\/div>[\/vc_column_inner][vc_column_inner width=&#8221;1\/2&#8243;][vc_custom_heading text=&#8221;PRODUKTION&#8221; font_container=&#8221;tag:h3|text_align:left|color:%23fed557&#8243; use_theme_fonts=&#8221;yes&#8221;]<div class=\"uavc-list-icon uavc-list-icon-wrapper ult-adjust-bottom-margin   \"><ul class=\"uavc-list\"><li><div class=\"uavc-list-content\" id=\"list-icon-wrap-6101\">\n<div class=\"uavc-list-icon  \" data-animation=\"\" data-animation-delay=\"03\" style=\"margin-right:15px;\"><div class=\"ult-just-icon-wrapper  \"><div class=\"align-icon\" style=\"text-align:center;\">\n<div class=\"aio-icon none \"  style=\"color:#ffffff;font-size:14px;display:inline-block;\">\n\t<i class=\"Defaults-cogs gears\"><\/i>\n<\/div><\/div><\/div>\n<\/div><span  data-ultimate-target='#list-icon-wrap-6101 .uavc-list-desc'  data-responsive-json-new='{\"font-size\":\"\",\"line-height\":\"\"}'  class=\"uavc-list-desc ult-responsive\" style=\"color:#ffffff;\">Produktion von Motorwellen und Pleuelstangen<\/span><\/div><\/li><li><div class=\"uavc-list-content\" id=\"list-icon-wrap-1797\">\n<div class=\"uavc-list-icon  \" data-animation=\"\" data-animation-delay=\"03\" style=\"margin-right:15px;\"><div class=\"ult-just-icon-wrapper  \"><div class=\"align-icon\" style=\"text-align:center;\">\n<div class=\"aio-icon none \"  style=\"color:#ffffff;font-size:14px;display:inline-block;\">\n\t<i class=\"Defaults-edit pencil-square-o\"><\/i>\n<\/div><\/div><\/div>\n<\/div><span  data-ultimate-target='#list-icon-wrap-1797 .uavc-list-desc'  data-responsive-json-new='{\"font-size\":\"\",\"line-height\":\"\"}'  class=\"uavc-list-desc ult-responsive\" style=\"color:#ffffff;\">Hohe technische Kompetenz<\/span><\/div><\/li><li><div class=\"uavc-list-content\" id=\"list-icon-wrap-2226\">\n<div class=\"uavc-list-icon  \" data-animation=\"\" data-animation-delay=\"03\" style=\"margin-right:15px;\"><div class=\"ult-just-icon-wrapper  \"><div class=\"align-icon\" style=\"text-align:center;\">\n<div class=\"aio-icon none \"  style=\"color:#ffffff;font-size:14px;display:inline-block;\">\n\t<i class=\"Defaults-phone-square\"><\/i>\n<\/div><\/div><\/div>\n<\/div><span  data-ultimate-target='#list-icon-wrap-2226 .uavc-list-desc'  data-responsive-json-new='{\"font-size\":\"\",\"line-height\":\"\"}'  class=\"uavc-list-desc ult-responsive\" style=\"color:#ffffff;\">Technical Team<\/span><\/div><\/li><\/ul><\/div>[\/vc_column_inner][\/vc_row_inner][\/vc_column][vc_column width=&#8221;1\/2&#8243; css=&#8221;.vc_custom_1472814033647{background-position: 0 0 !important;background-repeat: no-repeat !important;}&#8221;][vc_single_image image=&#8221;653&#8243; img_size=&#8221;full&#8221; css=&#8221;.vc_custom_1517590956670{margin-bottom: 0px !important;padding-top: 55px !important;padding-right: 25px !important;padding-bottom: 55px !important;padding-left: 25px !important;}&#8221;][\/vc_column][\/vc_row][vc_row full_width=&#8221;stretch_row&#8221; content_placement=&#8221;middle&#8221; enable_overlay=&#8221;enable_overlay_value&#8221; overlay_color=&#8221;rgba(254,213,87,0.95)&#8221; css=&#8221;.vc_custom_1473155391361{padding-top: 7% !important;}&#8221;][vc_column][vc_custom_heading text=&#8221; Motorwellen und Pleuelstangen f\u00fcr verschiedene Anwendungsbereiche&#8221; font_container=&#8221;tag:h2|text_align:center|color:%23000000&#8243; use_theme_fonts=&#8221;yes&#8221; css=&#8221;.vc_custom_1523355458192{margin-bottom: 10px !important;}&#8221;]<div class=\"ult-spacer spacer-69ef657268135\" data-id=\"69ef657268135\" data-height=\"20\" data-height-mobile=\"20\" data-height-tab=\"20\" data-height-tab-portrait=\"\" data-height-mobile-landscape=\"\" style=\"clear:both;display:block;\"><\/div>[vc_row_inner el_class=&#8221;about-icon-box&#8221;][vc_column_inner width=&#8221;1\/3&#8243;]<div class=\"ult-new-ib ult-ib-effect-style15  ult-ib-resp  \" data-min-width=\"768\" data-max-width=\"900\" style=\"background:#000000;\" data-opacity=\"1\" data-hover-opacity=\"1\" ><img decoding=\"async\" class=\"ult-new-ib-img\" style=\"opacity:1;\" alt=\"null\" src=\"https:\/\/www.nuovamazzucchelli.com\/wp-content\/uploads\/2018\/02\/ricambi-vespa.jpg\"   \/><div id=\"interactive-banner-wrap-5393\" class=\"ult-new-ib-desc\" style=\"\"><h2 class=\"ult-new-ib-title ult-responsive\"  data-ultimate-target='#interactive-banner-wrap-5393 .ult-new-ib-title'  data-responsive-json-new='{\"font-size\":\"desktop:18px;\",\"line-height\":\"\"}'  style=\"font-weight:normal;\">ERSATZTEILE F\u00dcR MOTORRAD<\/h2><div class=\"ult-new-ib-content ult-responsive\"  data-ultimate-target='#interactive-banner-wrap-5393 .ult-new-ib-content'  data-responsive-json-new='{\"font-size\":\"\",\"line-height\":\"\"}'  style=\"font-weight:normal;\"><p>Erfahrung und Qualit\u00e4t f\u00fcr exzellente Produkte<\/p><\/div><\/div><\/div><script type=\"text\/javascript\">\r\n\t\t\t(function($){\r\n\t\t\t\t$(document).ready(function(){\r\n\t\t\t\t\t$(\".ult-new-ib\").css(\"opacity\",\"1\");\r\n\t\t\t\t});\r\n\t\t\t})(jQuery);\r\n\t\t\t<\/script>[\/vc_column_inner][vc_column_inner width=&#8221;1\/3&#8243;]<div class=\"ult-new-ib ult-ib-effect-style15  ult-ib-resp  \" data-min-width=\"768\" data-max-width=\"900\" style=\"background:#000000;\" data-opacity=\"1\" data-hover-opacity=\"1\" ><img decoding=\"async\" class=\"ult-new-ib-img\" style=\"opacity:1;\" alt=\"null\" src=\"https:\/\/www.nuovamazzucchelli.com\/wp-content\/uploads\/2018\/02\/ricambi-ape.jpg\"   \/><div id=\"interactive-banner-wrap-8020\" class=\"ult-new-ib-desc\" style=\"\"><h2 class=\"ult-new-ib-title ult-responsive\"  data-ultimate-target='#interactive-banner-wrap-8020 .ult-new-ib-title'  data-responsive-json-new='{\"font-size\":\"desktop:18px;\",\"line-height\":\"\"}'  style=\"font-weight:normal;\">ERSATZTEILE F\u00dcR APE<\/h2><div class=\"ult-new-ib-content ult-responsive\"  data-ultimate-target='#interactive-banner-wrap-8020 .ult-new-ib-content'  data-responsive-json-new='{\"font-size\":\"\",\"line-height\":\"\"}'  style=\"font-weight:normal;\"><p>Produktion von Motorwellen und Pleuelstangen<\/p><\/div><\/div><\/div><script type=\"text\/javascript\">\r\n\t\t\t(function($){\r\n\t\t\t\t$(document).ready(function(){\r\n\t\t\t\t\t$(\".ult-new-ib\").css(\"opacity\",\"1\");\r\n\t\t\t\t});\r\n\t\t\t})(jQuery);\r\n\t\t\t<\/script>[\/vc_column_inner][vc_column_inner width=&#8221;1\/3&#8243;]<div class=\"ult-new-ib ult-ib-effect-style15  ult-ib-resp  \" data-min-width=\"768\" data-max-width=\"900\" style=\"background:#000000;\" data-opacity=\"1\" data-hover-opacity=\"1\" ><img decoding=\"async\" class=\"ult-new-ib-img\" style=\"opacity:1;\" alt=\"null\" src=\"https:\/\/www.nuovamazzucchelli.com\/wp-content\/uploads\/2018\/02\/ricambi-agricoli.jpg\"   \/><div id=\"interactive-banner-wrap-3290\" class=\"ult-new-ib-desc\" style=\"\"><h2 class=\"ult-new-ib-title ult-responsive\"  data-ultimate-target='#interactive-banner-wrap-3290 .ult-new-ib-title'  data-responsive-json-new='{\"font-size\":\"desktop:18px;\",\"line-height\":\"\"}'  style=\"font-weight:normal;\">Erfahrung und Qualit\u00e4t f\u00fcr exzellente Produkte<\/h2><div class=\"ult-new-ib-content ult-responsive\"  data-ultimate-target='#interactive-banner-wrap-3290 .ult-new-ib-content'  data-responsive-json-new='{\"font-size\":\"\",\"line-height\":\"\"}'  style=\"font-weight:normal;\"><p>Ersatzteile des landwirtschaftlichen Sektors<\/p><\/div><\/div><\/div><script type=\"text\/javascript\">\r\n\t\t\t(function($){\r\n\t\t\t\t$(document).ready(function(){\r\n\t\t\t\t\t$(\".ult-new-ib\").css(\"opacity\",\"1\");\r\n\t\t\t\t});\r\n\t\t\t})(jQuery);\r\n\t\t\t<\/script>[\/vc_column_inner][\/vc_row_inner][\/vc_column][\/vc_row]<\/p>\n","protected":false},"excerpt":{"rendered":"<p>[vc_row full_width=&#8221;stretch_row&#8221; css=&#8221;.vc_custom_1473835162760{padding-bottom: 6% !important;}&#8221; el_class=&#8221;services-section1&#8243;][vc_column][vc_row_inner][vc_column_inner width=&#8221;1\/4&#8243;][vc_custom_heading text=&#8221;KURBELWELLEN&#8221; font_container=&#8221;tag:h3|text_alig&#8230;<\/p>\n","protected":false},"author":1,"featured_media":0,"parent":0,"menu_order":0,"comment_status":"closed","ping_status":"closed","template":"","meta":{"footnotes":""},"class_list":["post-614","page","type-page","status-publish","hentry"],"_links":{"self":[{"href":"https:\/\/www.nuovamazzucchelli.com\/de_DE\/wp-json\/wp\/v2\/pages\/614","targetHints":{"allow":["GET"]}}],"collection":[{"href":"https:\/\/www.nuovamazzucchelli.com\/de_DE\/wp-json\/wp\/v2\/pages"}],"about":[{"href":"https:\/\/www.nuovamazzucchelli.com\/de_DE\/wp-json\/wp\/v2\/types\/page"}],"author":[{"embeddable":true,"href":"https:\/\/www.nuovamazzucchelli.com\/de_DE\/wp-json\/wp\/v2\/users\/1"}],"replies":[{"embeddable":true,"href":"https:\/\/www.nuovamazzucchelli.com\/de_DE\/wp-json\/wp\/v2\/comments?post=614"}],"version-history":[{"count":82,"href":"https:\/\/www.nuovamazzucchelli.com\/de_DE\/wp-json\/wp\/v2\/pages\/614\/revisions"}],"predecessor-version":[{"id":616,"href":"https:\/\/www.nuovamazzucchelli.com\/de_DE\/wp-json\/wp\/v2\/pages\/614\/revisions\/616"}],"wp:attachment":[{"href":"https:\/\/www.nuovamazzucchelli.com\/de_DE\/wp-json\/wp\/v2\/media?parent=614"}],"curies":[{"name":"wp","href":"https:\/\/api.w.org\/{rel}","templated":true}]}}