{"id":574,"date":"2018-01-26T11:16:20","date_gmt":"2018-01-26T10:16:20","guid":{"rendered":"https:\/\/www.nuovamazzucchelli.com\/?page_id=574"},"modified":"2019-11-15T12:11:17","modified_gmt":"2019-11-15T11:11:17","slug":"azienda-2","status":"publish","type":"page","link":"https:\/\/www.nuovamazzucchelli.com\/fr_FR\/azienda-2\/","title":{"rendered":"La soci\u00e9t\u00e9"},"content":{"rendered":"<p>[vc_row full_width=&#8221;stretch_row&#8221; css=&#8221;.vc_custom_1472810487529{padding-top: 7% !important;padding-bottom: 2% !important;background-color: #f6f6f6 !important;}&#8221; el_class=&#8221;about-section1&#8243;][vc_column css_animation=&#8221;left-to-right&#8221; width=&#8221;1\/2&#8243;][vc_custom_heading text=&#8221;Philosophie&#8221; use_theme_fonts=&#8221;yes&#8221;][vc_column_text]<\/p>\n<p class=\"testo_nero\" style=\"text-align: justify;\" align=\"left\">Des solutions qui ont comme objectif la qualit\u00e9 totale.<br \/>\nDu point de vue du produit fini, des proc\u00e9d\u00e9s d\u2019usinage et de la fiabilit\u00e9 du service. Les constantes de tout le proc\u00e9d\u00e9 d\u2019usinage sont la pr\u00e9cision et le contr\u00f4le de la qualit\u00e9 \u00e0 tous les niveaux, aussi bien du point de vue du produit fini que de la fiabilit\u00e9 du service fourni.Les technologies d\u2019usinage des parties m\u00e9caniques les plus modernes c\u00f4toient chez Nuova Mazzuchelli, des op\u00e9rations de type artisanal pour les finitions et les personnalisations demand\u00e9es par le client. En effet, l\u2019exp\u00e9rience accumul\u00e9e permet de s\u2019adapter aux diff\u00e9rentes exigences des clients, tout en garantissant n\u00e9anmoins le maximum de fiabilit\u00e9 pour toute application garantie par l\u2019usage de mat\u00e9riaux d\u2019avant-garde et par la longue exp\u00e9rience dans le domaine de la construction de l\u2019arbre moteur. L\u2019extr\u00eame flexibilit\u00e9 du cycle de production permet en outre la r\u00e9alisation de grandes et moyennes quantit\u00e9s et notre \u00e9quipe technique est toujours \u00e0 disposition du client pour r\u00e9aliser des prototypes de cylindr\u00e9es jusqu\u2019\u00e0 600 cc, fi\u00e8re de pouvoir offrir \u00e0 tout moment un service sur mesure \u00e0 la hauteur des plus grandes attentes.<\/p>\n<p>[\/vc_column_text][\/vc_column][vc_column css_animation=&#8221;right-to-left&#8221; width=&#8221;1\/2&#8243;][vc_single_image image=&#8221;585&#8243; img_size=&#8221;full&#8221; alignment=&#8221;center&#8221; css=&#8221;.vc_custom_1516964122407{margin-top: 12px !important;}&#8221;][\/vc_column][\/vc_row][vc_row full_width=&#8221;stretch_row&#8221; el_class=&#8221;advt-counter&#8221; css=&#8221;.vc_custom_1473149381743{padding-bottom: 5% !important;background-color: #f6f6f6 !important;}&#8221;][vc_column]<div class='dt-sc-hr-timeline-section type1 '><div class=\"dt-sc-hr-timeline-wrapper\"><div class=\"column dt-sc-one-half first\"><div class='dt-sc-hr-timeline '><div class=\"dt-sc-hr-timeline-content\"><div class=\"dt-sc-hr-timeline-thumb\"><\/div><h3>Nuova Mazzucchelli<\/h3>Una forza che si muove verso ambiziosi traguardi<\/div><\/div><\/div><div class=\"column dt-sc-one-half\"><div class='dt-sc-hr-timeline '><div class=\"dt-sc-hr-timeline-content\"><div class=\"dt-sc-hr-timeline-thumb\"><\/div><h3>Production<\/h3>Des solutions qui ont comme objectif la qualit\u00e9 totale.<\/div><\/div><\/div><div class=\"column dt-sc-one-half first\"><div class='dt-sc-hr-timeline bottom'><div class=\"dt-sc-hr-timeline-content\"><h3>Produits<\/h3><p class=\"news\" align=\"center\">Rechanges pour motocyclette: vilebrequins, bielles<\/p><div class=\"dt-sc-hr-timeline-thumb\"><\/div><\/div><\/div><\/div><div class=\"column dt-sc-one-half\"><div class='dt-sc-hr-timeline bottom'><div class=\"dt-sc-hr-timeline-content\"><h3>Service et flexibilit\u00e9<\/h3>Fiabilit\u00e9 du service, r\u00e9alisation de prototypes, flexibilit\u00e9 du cycle de production<div class=\"dt-sc-hr-timeline-thumb\"><\/div><\/div><\/div><\/div><\/div><\/div>[\/vc_column][\/vc_row][vc_row full_width=&#8221;stretch_row_content_no_spaces&#8221; bg_type=&#8221;image&#8221; parallax_style=&#8221;vcpb-default&#8221; enable_overlay=&#8221;enable_overlay_value&#8221; overlay_color=&#8221;#97012e&#8221; el_class=&#8221;product-section2&#8243; css=&#8221;.vc_custom_1473762331168{background-color: #97012e !important;background-position: 0 0 !important;background-repeat: no-repeat !important;}&#8221;][vc_column width=&#8221;1\/2&#8243; css=&#8221;.vc_custom_1472812701065{background-position: 0 0 !important;background-repeat: no-repeat !important;}&#8221;][vc_single_image image=&#8221;588&#8243; img_size=&#8221;full&#8221; css=&#8221;.vc_custom_1516980993457{margin-bottom: 0px !important;}&#8221;][\/vc_column][vc_column width=&#8221;1\/3&#8243; css=&#8221;.vc_custom_1473150241975{padding-left: 40px !important;}&#8221; el_class=&#8221;about-section-advt&#8221;]<div class=\"ult-spacer spacer-69f49a1feb40f\" data-id=\"69f49a1feb40f\" data-height=\"50\" data-height-mobile=\"50\" data-height-tab=\"50\" data-height-tab-portrait=\"\" data-height-mobile-landscape=\"\" style=\"clear:both;display:block;\"><\/div>[vc_custom_heading text=&#8221;Nous vous invitons \u00e0 nous contacter&#8221; font_container=&#8221;tag:h2|text_align:left|color:%23ffffff&#8221; use_theme_fonts=&#8221;yes&#8221;]<div class=\"ult-spacer spacer-69f49a1feb42e\" data-id=\"69f49a1feb42e\" data-height=\"10\" data-height-mobile=\"10\" data-height-tab=\"10\" data-height-tab-portrait=\"\" data-height-mobile-landscape=\"\" style=\"clear:both;display:block;\"><\/div><div class=\"uavc-list-icon uavc-list-icon-wrapper ult-adjust-bottom-margin   \"><ul class=\"uavc-list\"><li><div class=\"uavc-list-content\" id=\"list-icon-wrap-5569\">\n<div class=\"uavc-list-icon  \" data-animation=\"\" data-animation-delay=\"03\" style=\"margin-right:15px;\"><div class=\"ult-just-icon-wrapper  \"><div class=\"align-icon\" style=\"text-align:center;\">\n<div class=\"aio-icon none \"  style=\"color:#ffffff;font-size:14px;display:inline-block;\">\n\t<i class=\"Defaults-check\"><\/i>\n<\/div><\/div><\/div>\n<\/div><span  data-ultimate-target='#list-icon-wrap-5569 .uavc-list-desc'  data-responsive-json-new='{\"font-size\":\"\",\"line-height\":\"\"}'  class=\"uavc-list-desc ult-responsive\" style=\"color:#ffffff;\">Contattateci per richiedere informazioni sui nostri prodotti e sulla produzione<\/span><\/div><\/li><li><div class=\"uavc-list-content\" id=\"list-icon-wrap-8368\">\n<div class=\"uavc-list-icon  \" data-animation=\"\" data-animation-delay=\"03\" style=\"margin-right:15px;\"><div class=\"ult-just-icon-wrapper  \"><div class=\"align-icon\" style=\"text-align:center;\">\n<div class=\"aio-icon none \"  style=\"color:#ffffff;font-size:14px;display:inline-block;\">\n\t<i class=\"Defaults-check\"><\/i>\n<\/div><\/div><\/div>\n<\/div><span  data-ultimate-target='#list-icon-wrap-8368 .uavc-list-desc'  data-responsive-json-new='{\"font-size\":\"\",\"line-height\":\"\"}'  class=\"uavc-list-desc ult-responsive\" style=\"color:#ffffff;\">La flexibilit\u00e9 extr\u00eame du cycle de production, permet \u00e9galement la r\u00e9alisation de moyennes et grandes quantit\u00e9s et notre personnel technique est toujours disponible pour le client<\/span><\/div><\/li><li><div class=\"uavc-list-content\" id=\"list-icon-wrap-6539\">\n<div class=\"uavc-list-icon  \" data-animation=\"\" data-animation-delay=\"03\" style=\"margin-right:15px;\"><div class=\"ult-just-icon-wrapper  \"><div class=\"align-icon\" style=\"text-align:center;\">\n<div class=\"aio-icon none \"  style=\"color:#ffffff;font-size:14px;display:inline-block;\">\n\t<i class=\"Defaults-check\"><\/i>\n<\/div><\/div><\/div>\n<\/div><span  data-ultimate-target='#list-icon-wrap-6539 .uavc-list-desc'  data-responsive-json-new='{\"font-size\":\"\",\"line-height\":\"\"}'  class=\"uavc-list-desc ult-responsive\" style=\"color:#ffffff;\">R\u00e9aliser des prototypes de cylindr\u00e9es jusqu\u2019\u00e0 600 cc, fi\u00e8re de pouvoir offrir \u00e0 tout moment un service sur mesure \u00e0 la hauteur des plus grandes attentes.<\/span><\/div><\/li><li><div class=\"uavc-list-content\" id=\"list-icon-wrap-2330\">\n<div class=\"uavc-list-icon  \" data-animation=\"\" data-animation-delay=\"03\" style=\"margin-right:15px;\"><div class=\"ult-just-icon-wrapper  \"><div class=\"align-icon\" style=\"text-align:center;\">\n<div class=\"aio-icon none \"  style=\"color:#ffffff;font-size:14px;display:inline-block;\">\n\t<i class=\"Defaults-check\"><\/i>\n<\/div><\/div><\/div>\n<\/div><span  data-ultimate-target='#list-icon-wrap-2330 .uavc-list-desc'  data-responsive-json-new='{\"font-size\":\"\",\"line-height\":\"\"}'  class=\"uavc-list-desc ult-responsive\" style=\"color:#ffffff;\">La philosophie de l&#8217;entreprise est r\u00e9alis\u00e9e dans la r\u00e9alisation de produits de haute qualit\u00e9 et de performance technique.<\/span><\/div><\/li><li><div class=\"uavc-list-content\" id=\"list-icon-wrap-5258\">\n<div class=\"uavc-list-icon  \" data-animation=\"\" data-animation-delay=\"03\" style=\"margin-right:15px;\"><div class=\"ult-just-icon-wrapper  \"><div class=\"align-icon\" style=\"text-align:center;\">\n<div class=\"aio-icon none \"  style=\"color:#ffffff;font-size:14px;display:inline-block;\">\n\t<i class=\"Defaults-check\"><\/i>\n<\/div><\/div><\/div>\n<\/div><span  data-ultimate-target='#list-icon-wrap-5258 .uavc-list-desc'  data-responsive-json-new='{\"font-size\":\"\",\"line-height\":\"\"}'  class=\"uavc-list-desc ult-responsive\" style=\"color:#ffffff;\">Estimations et contacts avec notre \u00e9quipe technique en \u00e9crivant \u00e0 l&#8217;email: <a href=\"mailto:info@nuovamazzucchelli.com\">info@nuovamazzucchelli.com<\/a><\/span><\/div><\/li><\/ul><\/div>[\/vc_column][vc_column width=&#8221;1\/6&#8243;][\/vc_column][\/vc_row][vc_row css=&#8221;.vc_custom_1472464244067{padding-top: 8% !important;padding-bottom: 6% !important;}&#8221;][vc_column][vc_custom_heading text=&#8221;PRODUCTION&#8221; font_container=&#8221;tag:h2|text_align:center|color:%23000000&#8243; use_theme_fonts=&#8221;yes&#8221; css=&#8221;.vc_custom_1522998114756{margin-bottom: 10px !important;}&#8221;][vc_column_text css=&#8221;.vc_custom_1522998163782{margin-bottom: 0px !important;}&#8221;]<\/p>\n<p class=\"testo\" style=\"text-align: justify;\" align=\"left\">Les constantes de tout le proc\u00e9d\u00e9 d\u2019usinage sont la pr\u00e9cision et le contr\u00f4le de la qualit\u00e9 \u00e0 tous les niveaux, aussi bien du point de vue du produit fini que de la fiabilit\u00e9 du service fourni. Les technologies d\u2019usinage des parties m\u00e9caniques les plus modernes c\u00f4toient chez Nuova Mazzuchelli, des op\u00e9rations de type artisanal pour les finitions et les personnalisations demand\u00e9es par le client.<\/p>\n<p>[\/vc_column_text]<div class=\"ult-spacer spacer-69f49a1feb976\" data-id=\"69f49a1feb976\" data-height=\"70\" data-height-mobile=\"70\" data-height-tab=\"70\" data-height-tab-portrait=\"\" data-height-mobile-landscape=\"\" style=\"clear:both;display:block;\"><\/div>[vc_row_inner][vc_column_inner width=&#8221;1\/3&#8243;]<div class=\"ult-new-ib ult-ib-effect-style5  ult-ib-resp  \" data-min-width=\"768\" data-max-width=\"900\" style=\"background:#0a0a0a;\" data-opacity=\"1\" data-hover-opacity=\"1\" ><img decoding=\"async\" class=\"ult-new-ib-img\" style=\"opacity:1;\" alt=\"null\" src=\"https:\/\/www.nuovamazzucchelli.com\/wp-content\/uploads\/2018\/01\/cavaria-nuova.mazzucchelli.jpg\"   \/><div id=\"interactive-banner-wrap-8322\" class=\"ult-new-ib-desc\" style=\"background:#fed557;\"><h3 class=\"ult-new-ib-title ult-responsive\"  data-ultimate-target='#interactive-banner-wrap-8322 .ult-new-ib-title'  data-responsive-json-new='{\"font-size\":\"desktop:18px;\",\"line-height\":\"\"}'  style=\"font-weight:normal;color:#000000;\">EXCELLENCE D'ARTISANAT FABRIQU\u00c9E EN ITALIE<\/h3><\/div><\/div><script type=\"text\/javascript\">\r\n\t\t\t(function($){\r\n\t\t\t\t$(document).ready(function(){\r\n\t\t\t\t\t$(\".ult-new-ib\").css(\"opacity\",\"1\");\r\n\t\t\t\t});\r\n\t\t\t})(jQuery);\r\n\t\t\t<\/script>[\/vc_column_inner][vc_column_inner width=&#8221;1\/3&#8243;]<div class=\"ult-new-ib ult-ib-effect-style5  ult-ib-resp  \" data-min-width=\"768\" data-max-width=\"900\" style=\"background:#0a0a0a;\" data-opacity=\"1\" data-hover-opacity=\"1\" ><img decoding=\"async\" class=\"ult-new-ib-img\" style=\"opacity:1;\" alt=\"null\" src=\"https:\/\/www.nuovamazzucchelli.com\/wp-content\/uploads\/2018\/01\/bielle-e-alberi-motori.jpg\"   \/><div id=\"interactive-banner-wrap-4410\" class=\"ult-new-ib-desc\" style=\"background:#fed557;\"><h3 class=\"ult-new-ib-title ult-responsive\"  data-ultimate-target='#interactive-banner-wrap-4410 .ult-new-ib-title'  data-responsive-json-new='{\"font-size\":\"desktop:18px;\",\"line-height\":\"\"}'  style=\"font-weight:normal;color:#000000;\">RECHANGES POUR MOTOCYCLETTE: VILEBREQUINS, BIELLES<\/h3><\/div><\/div><script type=\"text\/javascript\">\r\n\t\t\t(function($){\r\n\t\t\t\t$(document).ready(function(){\r\n\t\t\t\t\t$(\".ult-new-ib\").css(\"opacity\",\"1\");\r\n\t\t\t\t});\r\n\t\t\t})(jQuery);\r\n\t\t\t<\/script>[\/vc_column_inner][vc_column_inner width=&#8221;1\/3&#8243;]<div class=\"ult-new-ib ult-ib-effect-style5  ult-ib-resp  \" data-min-width=\"768\" data-max-width=\"900\" style=\"background:#0a0a0a;\" data-opacity=\"1\" data-hover-opacity=\"1\" ><img decoding=\"async\" class=\"ult-new-ib-img\" style=\"opacity:1;\" alt=\"null\" src=\"https:\/\/www.nuovamazzucchelli.com\/wp-content\/uploads\/2018\/01\/produzione-alberi-motore.jpg\"   \/><div id=\"interactive-banner-wrap-4011\" class=\"ult-new-ib-desc\" style=\"background:#fed557;\"><h3 class=\"ult-new-ib-title ult-responsive\"  data-ultimate-target='#interactive-banner-wrap-4011 .ult-new-ib-title'  data-responsive-json-new='{\"font-size\":\"desktop:18px;\",\"line-height\":\"\"}'  style=\"font-weight:normal;color:#000000;\">PERSONNALISATION DE LA DEMANDE DE CLIENT<\/h3><\/div><\/div><script type=\"text\/javascript\">\r\n\t\t\t(function($){\r\n\t\t\t\t$(document).ready(function(){\r\n\t\t\t\t\t$(\".ult-new-ib\").css(\"opacity\",\"1\");\r\n\t\t\t\t});\r\n\t\t\t})(jQuery);\r\n\t\t\t<\/script>[\/vc_column_inner][\/vc_row_inner][\/vc_column][\/vc_row][vc_row full_width=&#8221;stretch_row&#8221; bg_type=&#8221;image&#8221; parallax_style=&#8221;vcpb-vz-jquery&#8221; bg_image_new=&#8221;id^262|url^https:\/\/www.nuovamazzucchelli.com\/wp-content\/uploads\/2016\/08\/trans-img3.jpg|caption^null|alt^null|title^trans-img3|description^null&#8221; enable_overlay=&#8221;enable_overlay_value&#8221; overlay_color=&#8221;rgba(151,1,46,0.9)&#8221; css=&#8221;.vc_custom_1472465258504{padding-top: 7% !important;padding-bottom: 4% !important;}&#8221;][vc_column width=&#8221;1\/4&#8243;]<div class=\"aio-icon-component  vc_custom_1522998533053   style_3\"><div id=\"Info-box-wrap-7967\" class=\"aio-icon-box left-icon\" style=\"\"  ><div class=\"aio-icon-left\"><div class=\"ult-just-icon-wrapper  \"><div class=\"align-icon\" style=\"text-align:center;\">\n<div class=\"aio-icon none \"  style=\"color:#fed557;font-size:32px;display:inline-block;\">\n\t<i class=\"Defaults-signal\"><\/i>\n<\/div><\/div><\/div><\/div><div class=\"aio-ibd-block\"><div class=\"aio-icon-header\" ><h3 class=\"aio-icon-title ult-responsive\"  data-ultimate-target='#Info-box-wrap-7967 .aio-icon-title'  data-responsive-json-new='{\"font-size\":\"\",\"line-height\":\"\"}'  style=\"color:#ffffff;\">EXPERIENCE<\/h3><\/div> <!-- header --><div class=\"aio-icon-description ult-responsive\"  data-ultimate-target='#Info-box-wrap-7967 .aio-icon-description'  data-responsive-json-new='{\"font-size\":\"\",\"line-height\":\"\"}'  style=\"\"><\/p>\n<p style=\"text-align: justify;\">L&#8217;exp\u00e9rience acquise permet de s&#8217;adapter aux diff\u00e9rents besoins des clients assurant une fiabilit\u00e9 maximale pour toute application<\/p>\n<p><\/div> <!-- description --><\/div> <!-- aio-ibd-block --><\/div> <!-- aio-icon-box --><\/div> <!-- aio-icon-component -->[\/vc_column][vc_column width=&#8221;1\/4&#8243;]<div class=\"aio-icon-component  vc_custom_1522998594492   style_3\"><div id=\"Info-box-wrap-7524\" class=\"aio-icon-box left-icon\" style=\"\"  ><div class=\"aio-icon-left\"><div class=\"ult-just-icon-wrapper  \"><div class=\"align-icon\" style=\"text-align:center;\">\n<div class=\"aio-icon none \"  style=\"color:#fed557;font-size:32px;display:inline-block;\">\n\t<i class=\"Defaults-signal\"><\/i>\n<\/div><\/div><\/div><\/div><div class=\"aio-ibd-block\"><div class=\"aio-icon-header\" ><h3 class=\"aio-icon-title ult-responsive\"  data-ultimate-target='#Info-box-wrap-7524 .aio-icon-title'  data-responsive-json-new='{\"font-size\":\"\",\"line-height\":\"\"}'  style=\"color:#ffffff;\">QUALIT\u00c9<\/h3><\/div> <!-- header --><div class=\"aio-icon-description ult-responsive\"  data-ultimate-target='#Info-box-wrap-7524 .aio-icon-description'  data-responsive-json-new='{\"font-size\":\"\",\"line-height\":\"\"}'  style=\"\"><span style=\"color: #ffffff;\">Garanti par l&#8217;utilisation de mat\u00e9riaux avanc\u00e9s et des ann\u00e9es d&#8217;exp\u00e9rience dans la construction du vilebrequin<\/span><\/div> <!-- description --><\/div> <!-- aio-ibd-block --><\/div> <!-- aio-icon-box --><\/div> <!-- aio-icon-component -->[\/vc_column][vc_column width=&#8221;1\/4&#8243;]<div class=\"aio-icon-component  vc_custom_1522998709557   style_3\"><div id=\"Info-box-wrap-4197\" class=\"aio-icon-box left-icon\" style=\"\"  ><div class=\"aio-icon-left\"><div class=\"ult-just-icon-wrapper  \"><div class=\"align-icon\" style=\"text-align:center;\">\n<div class=\"aio-icon none \"  style=\"color:#fed557;font-size:32px;display:inline-block;\">\n\t<i class=\"Defaults-signal\"><\/i>\n<\/div><\/div><\/div><\/div><div class=\"aio-ibd-block\"><div class=\"aio-icon-header\" ><h3 class=\"aio-icon-title ult-responsive\"  data-ultimate-target='#Info-box-wrap-4197 .aio-icon-title'  data-responsive-json-new='{\"font-size\":\"\",\"line-height\":\"\"}'  style=\"color:#ffffff;\">SERVICE<\/h3><\/div> <!-- header --><div class=\"aio-icon-description ult-responsive\"  data-ultimate-target='#Info-box-wrap-4197 .aio-icon-description'  data-responsive-json-new='{\"font-size\":\"\",\"line-height\":\"\"}'  style=\"\"><\/p>\n<p class=\"testo\"><span style=\"color: #ffffff;\"><br \/>\nUne recherche technique continue et des objectifs de construction toujours plus importants<\/span><\/p>\n<p><\/div> <!-- description --><\/div> <!-- aio-ibd-block --><\/div> <!-- aio-icon-box --><\/div> <!-- aio-icon-component -->[\/vc_column][vc_column width=&#8221;1\/4&#8243;]<div class=\"aio-icon-component  vc_custom_1522998830240   style_3\"><div id=\"Info-box-wrap-1127\" class=\"aio-icon-box left-icon\" style=\"\"  ><div class=\"aio-icon-left\"><div class=\"ult-just-icon-wrapper  \"><div class=\"align-icon\" style=\"text-align:center;\">\n<div class=\"aio-icon none \"  style=\"color:#fed557;font-size:32px;display:inline-block;\">\n\t<i class=\"Defaults-signal\"><\/i>\n<\/div><\/div><\/div><\/div><div class=\"aio-ibd-block\"><div class=\"aio-icon-header\" ><h3 class=\"aio-icon-title ult-responsive\"  data-ultimate-target='#Info-box-wrap-1127 .aio-icon-title'  data-responsive-json-new='{\"font-size\":\"\",\"line-height\":\"\"}'  style=\"color:#ffffff;\">RICERCA TECNOLOGICA<\/h3><\/div> <!-- header --><div class=\"aio-icon-description ult-responsive\"  data-ultimate-target='#Info-box-wrap-1127 .aio-icon-description'  data-responsive-json-new='{\"font-size\":\"\",\"line-height\":\"\"}'  style=\"\"><\/p>\n<p style=\"text-align: justify;\"><span style=\"color: #ffffff;\">Les technologies d\u2019usinage des parties m\u00e9caniques les plus modernes c\u00f4toient chez Nuova Mazzuchelli, des op\u00e9rations de type artisanal pour les finitions et les personnalisations demand\u00e9es par le client.<\/span><\/p>\n<p><\/div> <!-- description --><\/div> <!-- aio-ibd-block --><\/div> <!-- aio-icon-box --><\/div> <!-- aio-icon-component -->[\/vc_column][\/vc_row]<\/p>\n","protected":false},"excerpt":{"rendered":"<p>[vc_row full_width=&#8221;stretch_row&#8221; css=&#8221;.vc_custom_1472810487529{padding-top: 7% !important;padding-bottom: 2% !important;background-color: #f6f6f6 !important;}&#8221; el_class=&#8221;about-section1&#8243;][vc_column css_animation=&#8221;left-to-right&#8221; width=&#8221;1\/2&#8243;][vc_custom_&#8230;<\/p>\n","protected":false},"author":1,"featured_media":0,"parent":0,"menu_order":0,"comment_status":"closed","ping_status":"closed","template":"","meta":{"footnotes":""},"class_list":["post-574","page","type-page","status-publish","hentry"],"_links":{"self":[{"href":"https:\/\/www.nuovamazzucchelli.com\/fr_FR\/wp-json\/wp\/v2\/pages\/574","targetHints":{"allow":["GET"]}}],"collection":[{"href":"https:\/\/www.nuovamazzucchelli.com\/fr_FR\/wp-json\/wp\/v2\/pages"}],"about":[{"href":"https:\/\/www.nuovamazzucchelli.com\/fr_FR\/wp-json\/wp\/v2\/types\/page"}],"author":[{"embeddable":true,"href":"https:\/\/www.nuovamazzucchelli.com\/fr_FR\/wp-json\/wp\/v2\/users\/1"}],"replies":[{"embeddable":true,"href":"https:\/\/www.nuovamazzucchelli.com\/fr_FR\/wp-json\/wp\/v2\/comments?post=574"}],"version-history":[{"count":136,"href":"https:\/\/www.nuovamazzucchelli.com\/fr_FR\/wp-json\/wp\/v2\/pages\/574\/revisions"}],"predecessor-version":[{"id":1572,"href":"https:\/\/www.nuovamazzucchelli.com\/fr_FR\/wp-json\/wp\/v2\/pages\/574\/revisions\/1572"}],"wp:attachment":[{"href":"https:\/\/www.nuovamazzucchelli.com\/fr_FR\/wp-json\/wp\/v2\/media?parent=574"}],"curies":[{"name":"wp","href":"https:\/\/api.w.org\/{rel}","templated":true}]}}